{"id":105,"date":"2018-08-02T20:25:17","date_gmt":"2018-08-02T20:25:17","guid":{"rendered":"https:\/\/kielhilft.marcweidemueller.de\/wordpress\/?page_id=105"},"modified":"2018-08-05T11:35:04","modified_gmt":"2018-08-05T11:35:04","slug":"spenden","status":"publish","type":"page","link":"https:\/\/kiel-hilft.de\/index.php\/spenden\/","title":{"rendered":"Spenden"},"content":{"rendered":"<p>Spenden sind jederzeit m\u00f6glich via PayPal:<\/p>\n<style>\r\n        .wpedon-container .wpedon-select,\r\n        .wpedon-container .wpedon-input {\r\n            width: 107px;\r\n            min-width: 107px;\r\n            max-width: 107px;\r\n        }\r\n    <\/style><div class='wpedon-container wpedon-align-left'><form target='_blank' action='https:\/\/www.paypal.com\/cgi-bin\/webscr' method='post' class='wpedon-form'><input type='hidden' name='cmd' value='_donations' \/><input type='hidden' name='business' value='Vorstand@kiel-hilft.de' \/><input type='hidden' name='currency_code' value='EUR' \/><input type='hidden' name='notify_url' value='https:\/\/kiel-hilft.de\/wp-admin\/admin-post.php?action=add_wpedon_button_ipn'><input type='hidden' name='lc' value='de_DE'><input type='hidden' name='bn' value='WPPlugin_SP'><input type='hidden' name='return' value='' \/><input type='hidden' name='cancel_return' value='' \/><input class='wpedon_paypalbuttonimage' type='image' src='https:\/\/www.paypal.com\/de_DE\/DE\/i\/btn\/btn_donate_LG.gif' border='0' name='submit' alt='Make your payments with PayPal. It is free, secure, effective.' style='border: none;'><img alt='' border='0' style='border:none;display:none;' src='https:\/\/www.paypal.com\/de_DE\/i\/scr\/pixel.gif' width='1' height='1'><input type='hidden' name='amount' id='amount_8d9816e705c13cdbb5532c1291e5fdd9' value='' \/><input type='hidden' name='price' id='price_8d9816e705c13cdbb5532c1291e5fdd9' value='' \/><input type='hidden' name='item_number' value='' \/><input type='hidden' name='item_name' value='Spende' \/><input type='hidden' name='name' value='Spende' \/><input type='hidden' name='custom' value='120'><input type='hidden' name='no_shipping' value='1'><input type='hidden' name='no_note' value='1'><input type='hidden' name='currency_code' value='EUR'><\/form><\/div>\n<p>&nbsp;<\/p>\n<p>oder per \u00dcberweisung direkt auf unser <strong>Spendenkonto<\/strong>:<\/p>\n<p><strong>F\u00f6rde Sparkasse<\/strong><br \/>\n<strong>Kontoinhaber:<\/strong>\u00a0Kiel hilft Fl\u00fcchtlingen e.V.<br \/>\n<strong>IBAN:<\/strong>\u00a0DE03 2105 0170 1002 6267 35<br \/>\n<strong>BIC:<\/strong>\u00a0NOLADE21KIE<br \/>\n<strong>Verwendungszweck:<\/strong>\u00a0Spende<\/p>\n<p>&nbsp;<\/p>\n<p style=\"text-align: justify;\">\n","protected":false},"excerpt":{"rendered":"<p>Spenden sind jederzeit m\u00f6glich via PayPal: &nbsp; oder per \u00dcberweisung direkt auf unser Spendenkonto: F\u00f6rde Sparkasse Kontoinhaber:\u00a0Kiel hilft Fl\u00fcchtlingen e.V. IBAN:\u00a0DE03 2105 0170 1002 6267 35 BIC:\u00a0NOLADE21KIE Verwendungszweck:\u00a0Spende &nbsp;<\/p>\n","protected":false},"author":5,"featured_media":0,"parent":0,"menu_order":0,"comment_status":"closed","ping_status":"closed","template":"","meta":{"_mc_calendar":[],"footnotes":""},"class_list":["post-105","page","type-page","status-publish","hentry","without-featured-image"],"yoast_head":"<!-- This site is optimized with the Yoast SEO plugin v25.6 - https:\/\/yoast.com\/wordpress\/plugins\/seo\/ -->\n<title>Spenden - Kiel Hilft e.V.<\/title>\n<meta name=\"robots\" content=\"index, follow, max-snippet:-1, max-image-preview:large, max-video-preview:-1\" \/>\n<link rel=\"canonical\" href=\"https:\/\/kiel-hilft.de\/index.php\/spenden\/\" \/>\n<meta property=\"og:locale\" content=\"de_DE\" \/>\n<meta property=\"og:type\" content=\"article\" \/>\n<meta property=\"og:title\" content=\"Spenden - Kiel Hilft e.V.\" \/>\n<meta property=\"og:description\" content=\"Spenden sind jederzeit m\u00f6glich via PayPal: &nbsp; oder per \u00dcberweisung direkt auf unser Spendenkonto: F\u00f6rde Sparkasse Kontoinhaber:\u00a0Kiel hilft Fl\u00fcchtlingen e.V. IBAN:\u00a0DE03 2105 0170 1002 6267 35 BIC:\u00a0NOLADE21KIE Verwendungszweck:\u00a0Spende &nbsp;\" \/>\n<meta property=\"og:url\" content=\"https:\/\/kiel-hilft.de\/index.php\/spenden\/\" \/>\n<meta property=\"og:site_name\" content=\"Kiel Hilft e.V.\" \/>\n<meta property=\"article:modified_time\" content=\"2018-08-05T11:35:04+00:00\" \/>\n<meta name=\"twitter:card\" content=\"summary_large_image\" \/>\n<script type=\"application\/ld+json\" class=\"yoast-schema-graph\">{\"@context\":\"https:\/\/schema.org\",\"@graph\":[{\"@type\":\"WebPage\",\"@id\":\"https:\/\/kiel-hilft.de\/index.php\/spenden\/\",\"url\":\"https:\/\/kiel-hilft.de\/index.php\/spenden\/\",\"name\":\"Spenden - Kiel Hilft e.V.\",\"isPartOf\":{\"@id\":\"https:\/\/kiel-hilft.de\/#website\"},\"datePublished\":\"2018-08-02T20:25:17+00:00\",\"dateModified\":\"2018-08-05T11:35:04+00:00\",\"breadcrumb\":{\"@id\":\"https:\/\/kiel-hilft.de\/index.php\/spenden\/#breadcrumb\"},\"inLanguage\":\"de\",\"potentialAction\":[{\"@type\":\"ReadAction\",\"target\":[\"https:\/\/kiel-hilft.de\/index.php\/spenden\/\"]}]},{\"@type\":\"BreadcrumbList\",\"@id\":\"https:\/\/kiel-hilft.de\/index.php\/spenden\/#breadcrumb\",\"itemListElement\":[{\"@type\":\"ListItem\",\"position\":1,\"name\":\"Startseite\",\"item\":\"https:\/\/kiel-hilft.de\/\"},{\"@type\":\"ListItem\",\"position\":2,\"name\":\"Spenden\"}]},{\"@type\":\"WebSite\",\"@id\":\"https:\/\/kiel-hilft.de\/#website\",\"url\":\"https:\/\/kiel-hilft.de\/\",\"name\":\"Kiel Hilft e.V.\",\"description\":\"\",\"potentialAction\":[{\"@type\":\"SearchAction\",\"target\":{\"@type\":\"EntryPoint\",\"urlTemplate\":\"https:\/\/kiel-hilft.de\/?s={search_term_string}\"},\"query-input\":{\"@type\":\"PropertyValueSpecification\",\"valueRequired\":true,\"valueName\":\"search_term_string\"}}],\"inLanguage\":\"de\"}]}<\/script>\n<!-- \/ Yoast SEO plugin. -->","yoast_head_json":{"title":"Spenden - Kiel Hilft e.V.","robots":{"index":"index","follow":"follow","max-snippet":"max-snippet:-1","max-image-preview":"max-image-preview:large","max-video-preview":"max-video-preview:-1"},"canonical":"https:\/\/kiel-hilft.de\/index.php\/spenden\/","og_locale":"de_DE","og_type":"article","og_title":"Spenden - Kiel Hilft e.V.","og_description":"Spenden sind jederzeit m\u00f6glich via PayPal: &nbsp; oder per \u00dcberweisung direkt auf unser Spendenkonto: F\u00f6rde Sparkasse Kontoinhaber:\u00a0Kiel hilft Fl\u00fcchtlingen e.V. IBAN:\u00a0DE03 2105 0170 1002 6267 35 BIC:\u00a0NOLADE21KIE Verwendungszweck:\u00a0Spende &nbsp;","og_url":"https:\/\/kiel-hilft.de\/index.php\/spenden\/","og_site_name":"Kiel Hilft e.V.","article_modified_time":"2018-08-05T11:35:04+00:00","twitter_card":"summary_large_image","schema":{"@context":"https:\/\/schema.org","@graph":[{"@type":"WebPage","@id":"https:\/\/kiel-hilft.de\/index.php\/spenden\/","url":"https:\/\/kiel-hilft.de\/index.php\/spenden\/","name":"Spenden - Kiel Hilft e.V.","isPartOf":{"@id":"https:\/\/kiel-hilft.de\/#website"},"datePublished":"2018-08-02T20:25:17+00:00","dateModified":"2018-08-05T11:35:04+00:00","breadcrumb":{"@id":"https:\/\/kiel-hilft.de\/index.php\/spenden\/#breadcrumb"},"inLanguage":"de","potentialAction":[{"@type":"ReadAction","target":["https:\/\/kiel-hilft.de\/index.php\/spenden\/"]}]},{"@type":"BreadcrumbList","@id":"https:\/\/kiel-hilft.de\/index.php\/spenden\/#breadcrumb","itemListElement":[{"@type":"ListItem","position":1,"name":"Startseite","item":"https:\/\/kiel-hilft.de\/"},{"@type":"ListItem","position":2,"name":"Spenden"}]},{"@type":"WebSite","@id":"https:\/\/kiel-hilft.de\/#website","url":"https:\/\/kiel-hilft.de\/","name":"Kiel Hilft e.V.","description":"","potentialAction":[{"@type":"SearchAction","target":{"@type":"EntryPoint","urlTemplate":"https:\/\/kiel-hilft.de\/?s={search_term_string}"},"query-input":{"@type":"PropertyValueSpecification","valueRequired":true,"valueName":"search_term_string"}}],"inLanguage":"de"}]}},"_links":{"self":[{"href":"https:\/\/kiel-hilft.de\/index.php\/wp-json\/wp\/v2\/pages\/105"}],"collection":[{"href":"https:\/\/kiel-hilft.de\/index.php\/wp-json\/wp\/v2\/pages"}],"about":[{"href":"https:\/\/kiel-hilft.de\/index.php\/wp-json\/wp\/v2\/types\/page"}],"author":[{"embeddable":true,"href":"https:\/\/kiel-hilft.de\/index.php\/wp-json\/wp\/v2\/users\/5"}],"replies":[{"embeddable":true,"href":"https:\/\/kiel-hilft.de\/index.php\/wp-json\/wp\/v2\/comments?post=105"}],"version-history":[{"count":8,"href":"https:\/\/kiel-hilft.de\/index.php\/wp-json\/wp\/v2\/pages\/105\/revisions"}],"predecessor-version":[{"id":130,"href":"https:\/\/kiel-hilft.de\/index.php\/wp-json\/wp\/v2\/pages\/105\/revisions\/130"}],"wp:attachment":[{"href":"https:\/\/kiel-hilft.de\/index.php\/wp-json\/wp\/v2\/media?parent=105"}],"curies":[{"name":"wp","href":"https:\/\/api.w.org\/{rel}","templated":true}]}}