{"id":428,"date":"2023-02-18T12:30:19","date_gmt":"2023-02-18T12:30:19","guid":{"rendered":"https:\/\/kiel-hilft.de\/?page_id=428"},"modified":"2023-02-18T12:30:20","modified_gmt":"2023-02-18T12:30:20","slug":"historie","status":"publish","type":"page","link":"https:\/\/kiel-hilft.de\/index.php\/historie\/","title":{"rendered":"Historie"},"content":{"rendered":"\n<p>Begr\u00fc\u00dfungskomittee am Tag der Er\u00f6ffnung der Erstaufnahmeeinrichtung am Nordmarksportfeld.<\/p>\n\n\n\n<p>Die Bilder aus den Nachrichten \u00fcber das Leid der Fl\u00fcchtlinge, die ihre H\u00e4user und Heimat verloren haben und sich wegen Krieg und Leid auf den beschwerlichen Weg ins sichere Europa gemacht haben, haben uns alle tief ber\u00fchrt. Es waren Bilder von Unmengen von Menschen auf der Flucht, die teilweise unter Lebensgefahr die Meere \u00fcberquert haben und bei Wind und Wetter trotz aller Widerst\u00e4nde ihren Weg zu uns fortgesetzt haben. Viele haben dabei Angeh\u00f6rige verloren und kommen hier vollkommen ersch\u00f6pft und traumatisiert an. Pl\u00f6tzlich sind die Bilder aus den Nachrichten ganz real und ganz nah. Es passierte und passiert immer noch. Hier und jetzt vor unserer Nase. Sofort war klar, dass hier geholfen werden musste.<\/p>\n\n\n\n<p>Am 23.08.2015 wurde nach dem Vorbild der Hamburger Initiative #HHhilft und der tollen Arbeit in der Kleiderkammer Messehallen in Hamburg die B\u00fcrgerinitiative \u201cKiel hilft Fl\u00fcchtlingen\u201d gegr\u00fcndet. F\u00fcr die bessere Koordination wurde eine Facebookgruppe mit gleichem Namenerstellt. Freunde wurden eingeladen sich der Gruppe anzuschlie\u00dfen. Diese Freunde luden wiederum Freunde ein, die wiederum Freunde einluden. Eine Kieler Welle der Hilfsbereitschaft kam ins Rollen. Bereits am Abend des 23.08.2015 waren einige hundert zusammengekommen, die allesamt den Menschen, die hier in Kiel Zuflucht suchen, helfen wollten.<\/p>\n\n\n\n<p>Nach ein paar Tagen z\u00e4hlten wir bereits \u00fcber 1.000 Mitglieder. Wir entschlossen uns, die erste Spendenannahme zu organisieren. Diese fand dann am 29.08.2015 vor dem \u201cAhoi\u201d am Bl\u00fccherplatz statt.&nbsp;Es kamen einige Kartons mit Sachen zusammen. Sogar die Kieler Nachrichten berichteten \u00fcber uns. Danach ging alles schnell! Sehr schnell! Die ohnehin schon gro\u00dfe Hilfsbereitschaft explodierte f\u00f6rmlich. Innerhalb von k\u00fcrzester Zeit waren wir 2.000 Mitglieder. 2 Tage sp\u00e4ter 3.000\u20264.000. Wir merkten, dass das gro\u00df wird. Und es wurde sehr schnell sehr gro\u00df. Es mussten Strukturen her und zwar schnell. Also teilten wir die Gruppe in Untergruppen auf. Es entstanden die Bereiche Public Relations\/Akquise, Sport und Gesundheit, Freizeitgestaltung, Sortieren und Ausgeben von Spenden und Logistik \u2013 Spenden abholen. In diesen Untergruppen konnten wir dann ein wenig \u00dcbersichtlichkeit in die Menge der Anfragen und Angebote bringen. Dies funktionierte gut. Sehr gut sogar.<\/p>\n\n\n\n<p>Schnell wuchsen wir noch weiter. Gef\u00fchlt haben wir die H\u00e4lfte der Kellerr\u00e4ume und Garagen Kiels mit Spendenkartons vollgestellt. Wir brauchten dringend mehr Platz. Viel mehr Platz. Also fragten wir in der Hauptgruppe nach einer Lagerhalle. Es meldete sich Enrico Waehnke, der uns einen Gro\u00dfteil seiner Lagerhalle in der G\u00e4rtnerstra\u00dfe 55 mit einer Selbstverst\u00e4ndlichkeit zur Verf\u00fcgung stellte, als sei das keine gro\u00dfe Sache. Wir hatten nun also einen Ort, an dem wir unsere Spenden annehmen und sortieren konnten. Und das taten wir.<\/p>\n\n\n\n<p>\u201cWir\u201d waren mittlerweile \u00fcber 5.000 Leute. Zeitgleich arbeiteten bis zu 50 Helfer gleichzeitig im Lager. Parallel hierzu wurde die Erstaufnahmeeinrichtung am Nordmarksportfeld er\u00f6ffnet\u2026 aufgrund der Lage weit vor dem Termin. Trotzdem schafften wir es noch, den ersten ankommenden fl\u00fcchtenden Menschen einen herzlichen Empfang zu bereiten. Wir suchten den Kontakt zum Deutschen Roten Kreuz, welches die Leitung der Erstaufnahmeeinrichtung \u00fcbernommen hatte und boten unsere Hilfe an. Hierbei war von Anfang an wichtig, dass wir keine Parallelstrukturen aufbauen, sondern die bestehenden Strukturen der Hilfsorganisationen, der Stadt und der Beh\u00f6rden unterst\u00fctzen und bei Bedarf in enger Kooperation erg\u00e4nzen.<\/p>\n\n\n\n<p>Wir vereinbarten mit dem DRK, dass wir Spenden sammeln und diese dann sortieren und nach Bedarfsanfrage an die Erstaufnahmeeinrichtung ausliefern. Dazu vermittelten wir freiwillige Helfer, die bei der Kleiderausgabe tatkr\u00e4ftig Unterst\u00fctzung leisteten. Das System bew\u00e4hrte sich und das DRK sch\u00f6pfte Vertrauen in unsere Strukturen und Hilfsbereitschaft. Wir wuchsen weiter und es mussten zus\u00e4tzliche Lagerfl\u00e4chen her. Wir kontaktierten die Stadt Kiel und erfragten, ob es m\u00f6glich w\u00e4re, uns Lagerfl\u00e4chen und Arbeitsraum zur Verf\u00fcgung zu stellen. Die Stadt empfing uns mit offenen Armen und stellte uns nach kurzen, unproblematischen Verhandlungen das zuvor leerstehende Geb\u00e4ude des alten \u201cGreenfields\u201d zur Verf\u00fcgung, das wir sodann ebenfalls nutzen konnten. Auch die Christian-Albrechts-Universit\u00e4t zu Kiel stellte uns in k\u00fcrzester Zeit Lagerfl\u00e4chen zur Verf\u00fcgung.<\/p>\n\n\n\n<p><p>Viele Unternehmen in Kiel stellten uns R\u00e4ume zum Zwischenlagern bereit. Sogar eine Kindertagesst\u00e4tte r\u00e4umte einen Bereich, an dem wir 40 Paletten mit Spenden lagern konnten. Das ganze Land war auf uns aufmerksam geworden. Das Fernsehen und die Zeitungen berichteten \u00fcber uns. Wir hatten mittlerweile \u00fcber 10.000 Mitglieder. Der Oberb\u00fcrgermeister lobte unser Engagement und sandte uns sogar ein Gru\u00dfwort.<\/p>\r\n<div style=\"width: 620px;\" class=\"wp-video\"><!--[if lt IE 9]><script>document.createElement('video');<\/script><![endif]-->\n<video class=\"wp-video-shortcode\" id=\"video-428-1\" width=\"620\" height=\"341\" preload=\"metadata\" controls=\"controls\"><source type=\"video\/mp4\" src=\"https:\/\/kiel-hilft.de\/wp-content\/uploads\/2018\/09\/OB-K\u00e4mpfer-Rede-Ratsversammlung.mp4-.mp4?_=1\" \/><a href=\"https:\/\/kiel-hilft.de\/wp-content\/uploads\/2018\/09\/OB-K\u00e4mpfer-Rede-Ratsversammlung.mp4-.mp4\">https:\/\/kiel-hilft.de\/wp-content\/uploads\/2018\/09\/OB-K\u00e4mpfer-Rede-Ratsversammlung.mp4-.mp4<\/a><\/video><\/div>\n\n\n\n<p><\/p>\n\n\n\n<p>Wow, der Oberb\u00fcrgermeister hatte uns gerade als \u201cdie gr\u00f6\u00dfte B\u00fcrgerinitiative, die Kiel zur Zeit hat und vielleicht jemals hatte\u201d bezeichnet.<\/p>\n\n\n\n<p>Der THW Kiel hat unsere Helfer und Fl\u00fcchtlinge zu einem Champions-League Spiel eingeladen und hat f\u00fcr uns Spenden gesammelt. Viel Zeit unseren Erfolg zu feiern hatten wir jedoch nicht. Gerade als alles unter \u201cKontrolle\u201d gebracht schien, wurden wir vor eine vollkommen neue Herausforderung gestellt. Viele der fl\u00fcchtenden Menschen wollten gar nicht in Deutschland bleiben, sondern wollten \u00fcber Kiel per Schiff nach Schweden, Norwegen und Finnland weiterreisen. T\u00e4glich kamen Hunderte von Menschen mit dem Zug in Kiel an und wollten Tickets f\u00fcr die \u00dcberfahrt kaufen. Es kamen aber mehr Menschen, als die Schiffe t\u00e4glich transportieren konnte. Und so strandeten fl\u00fcchtende Menschen in Kiel und mussten versorgt werden.<\/p>\n\n\n\n<p>Vollkommen \u00fcberrascht von der Situation organisierten wir bereits am ersten Tag eine \u00dcbernachtungsm\u00f6glichkeit f\u00fcr die in Kiel \u201cgestrandeten\u201d Menschen. In Zusammenarbeit mit der Polizei, der Kieler Verkehrsgesellschaft, dem DRK, dem Netzwerk Antirassistischer Arbeit (NARA) und der \u201calten Muthesius\u201d konnten wir 105 Menschen in der Erstaufnahmeeinrichtung eine \u00dcbernachtung erm\u00f6glichen. Weitere 90 Menschen fanden in der alten Muthesius eine Nachtunterkunft. Ca. 40 Personen wurden von der Polizei in eine andere Einrichtung in L\u00fcbeck gebracht. Am Folgetag setzten wir uns mit der Stadt Kiel, der Landespolizei, der Berufsfeuerwehr, den Hilfsorganisationen und anderen Hilfs-Initiativen zusammen und entwarfen ein Konzept zur Bew\u00e4ltigung der gro\u00dfen Herausforderung.<\/p>\n\n\n\n<p>Die Stadt Kiel mietete die alte Markthalle am Bootshafen als Notunterkunft an. Die Berufsfeuerwehr \u00fcbernahm den Betrieb und schaffte \u00dcbernachtungsm\u00f6glichkeiten f\u00fcr \u00fcber 300 Menschen. Der Ostsee-Terminal diente als Alternative zur Notunterkunft. Wir belieferten Tag und Nacht die Notunterk\u00fcnfte mit Wasser, Decken und Isomatten.&nbsp;Das NARA stellte eine Dauer-Pr\u00e4senz am Hauptbahnhof und versorgte die Menschen dort mit Lebensmitteln und Informationen. Das NARA \u00fcbernahm gemeinsam mit der alten Muthesius ebenfalls die Lebensmittelversorgung der Gefl\u00fcchteten am Ostsee-Terminal, der schnell als Tagesunterkunft diente.<\/p>\n\n\n\n<p>Wir \u00fcbernahmen die Versorgung mit Decken, Kleidung und Isomatten am Ostsee-Terminal sowie die Versorgung mit Snacks und Informationen am Stena-Terminal. Dar\u00fcber hinaus konnten wir sogar eine Kinderunterhaltung am Terminal etablieren. Das im Schwedenkai ans\u00e4ssige Restaurant \u201cL\u00e4ngengrad\u201d stellte t\u00e4glich eine Suppe zur Verf\u00fcgung, wodurch sich die Gefl\u00fcchteten auch dort st\u00e4rken konnten.<\/p>\n\n\n\n<p>Unser Engagement f\u00fcr die Erstaufnahmeeinrichtung lief parallel hierzu weiter. Wir vereinbarten mit der Stadt Kiel und den Hilfsorganisationen, dass die Berufsfeuerwehr bei dem Betrieb der Markthalle als Notunterkunft unterst\u00fctzt werden muss. In einer Kooperation mit dem DRK, den Maltesern, den Johannitern, dem ASB und uns entwarfen wir ein Konzept zum Einsatz von 16 ehrenamtlichen Helfern pro Nacht aus einem Pool von \u00fcber 120 Mitgliedern von Kiel hilft Fl\u00fcchtlingen.<\/p>\n\n\n\n<p>Wir d\u00fcrfen nach 6 Wochen stolz ein Res\u00fcmee ziehen (Stand 10.10.2015):<\/p>\n\n\n\n<ul class=\"wp-block-list\"><li>\u00dcber 11.000 Mitglieder.<\/li><li>Mehr als 600 ehrenamtliche Helfer koordiniert im Einsatz bei der aktiven Fl\u00fcchtlingshilfe. Davon bis zu 100 zeitgleich.<\/li><li>Versorgung von Fl\u00fcchtlingseinrichtungen in ganz Schleswig-Holstein, u.a. EAE Nordmarksportfeld, Notunterkunft Markthalle, Notunterkunft Ostsee-Terminal, Gemeinschaftsunterkunft Friedrichsort, Gemeinschaftsunterkunft Dietrichsdorf, Einrichtung Hof Hammer, Gemeinschaftsunterkunft Elmschenhagen, Gemeinschaftsunterkunft Russee, EAE Neum\u00fcnster, EAE Albersdorf, EAE Boostedt, Fl\u00fcchtlingsunterkunft Salzau.<\/li><li>Lagerbestand: 80.000 Kleidungsst\u00fccke, \u00dcber 1.100 Kartons Hygieneartikel, 2.700 Bettw\u00e4scheartikel, 677 Kartons Babysachen, 250 Schreibwarenartikel, 4.150 Schuhe, 140 Koffer und Taschen.<\/li><\/ul>\n\n\n\n<h3 class=\"wp-block-heading\">Das verstehen wir in Kiel unter gelebter Hilfsbereitschaft!<\/h3>\n\n\n\n<h3 class=\"wp-block-heading\">Danke Kiel!<\/h3>\n","protected":false},"excerpt":{"rendered":"<p>Begr\u00fc\u00dfungskomittee am Tag der Er\u00f6ffnung der Erstaufnahmeeinrichtung am Nordmarksportfeld. Die Bilder aus den Nachrichten \u00fcber das Leid der Fl\u00fcchtlinge, die ihre H\u00e4user und Heimat verloren haben und sich wegen Krieg und Leid auf den beschwerlichen Weg ins sichere Europa gemacht haben, haben uns alle tief ber\u00fchrt. Es waren Bilder von Unmengen von Menschen auf der &hellip; <a href=\"https:\/\/kiel-hilft.de\/index.php\/historie\/\" class=\"more-link\">Weiterlesen <span class=\"screen-reader-text\">Historie<\/span><\/a><\/p>\n","protected":false},"author":5,"featured_media":0,"parent":0,"menu_order":0,"comment_status":"closed","ping_status":"closed","template":"","meta":{"_mc_calendar":[],"footnotes":""},"class_list":["post-428","page","type-page","status-publish","hentry","without-featured-image"],"yoast_head":"<!-- This site is optimized with the Yoast SEO plugin v25.6 - https:\/\/yoast.com\/wordpress\/plugins\/seo\/ -->\n<title>Historie - Kiel Hilft e.V.<\/title>\n<meta name=\"robots\" content=\"index, follow, max-snippet:-1, max-image-preview:large, max-video-preview:-1\" \/>\n<link rel=\"canonical\" href=\"https:\/\/kiel-hilft.de\/index.php\/historie\/\" \/>\n<meta property=\"og:locale\" content=\"de_DE\" \/>\n<meta property=\"og:type\" content=\"article\" \/>\n<meta property=\"og:title\" content=\"Historie - Kiel Hilft e.V.\" \/>\n<meta property=\"og:description\" content=\"Begr\u00fc\u00dfungskomittee am Tag der Er\u00f6ffnung der Erstaufnahmeeinrichtung am Nordmarksportfeld. Die Bilder aus den Nachrichten \u00fcber das Leid der Fl\u00fcchtlinge, die ihre H\u00e4user und Heimat verloren haben und sich wegen Krieg und Leid auf den beschwerlichen Weg ins sichere Europa gemacht haben, haben uns alle tief ber\u00fchrt. Es waren Bilder von Unmengen von Menschen auf der &hellip; Weiterlesen Historie\" \/>\n<meta property=\"og:url\" content=\"https:\/\/kiel-hilft.de\/index.php\/historie\/\" \/>\n<meta property=\"og:site_name\" content=\"Kiel Hilft e.V.\" \/>\n<meta property=\"article:modified_time\" content=\"2023-02-18T12:30:20+00:00\" \/>\n<meta name=\"twitter:card\" content=\"summary_large_image\" \/>\n<meta name=\"twitter:label1\" content=\"Gesch\u00e4tzte Lesezeit\" \/>\n\t<meta name=\"twitter:data1\" content=\"6\u00a0Minuten\" \/>\n<script type=\"application\/ld+json\" class=\"yoast-schema-graph\">{\"@context\":\"https:\/\/schema.org\",\"@graph\":[{\"@type\":\"WebPage\",\"@id\":\"https:\/\/kiel-hilft.de\/index.php\/historie\/\",\"url\":\"https:\/\/kiel-hilft.de\/index.php\/historie\/\",\"name\":\"Historie - Kiel Hilft e.V.\",\"isPartOf\":{\"@id\":\"https:\/\/kiel-hilft.de\/#website\"},\"datePublished\":\"2023-02-18T12:30:19+00:00\",\"dateModified\":\"2023-02-18T12:30:20+00:00\",\"breadcrumb\":{\"@id\":\"https:\/\/kiel-hilft.de\/index.php\/historie\/#breadcrumb\"},\"inLanguage\":\"de\",\"potentialAction\":[{\"@type\":\"ReadAction\",\"target\":[\"https:\/\/kiel-hilft.de\/index.php\/historie\/\"]}]},{\"@type\":\"BreadcrumbList\",\"@id\":\"https:\/\/kiel-hilft.de\/index.php\/historie\/#breadcrumb\",\"itemListElement\":[{\"@type\":\"ListItem\",\"position\":1,\"name\":\"Startseite\",\"item\":\"https:\/\/kiel-hilft.de\/\"},{\"@type\":\"ListItem\",\"position\":2,\"name\":\"Historie\"}]},{\"@type\":\"WebSite\",\"@id\":\"https:\/\/kiel-hilft.de\/#website\",\"url\":\"https:\/\/kiel-hilft.de\/\",\"name\":\"Kiel Hilft e.V.\",\"description\":\"\",\"potentialAction\":[{\"@type\":\"SearchAction\",\"target\":{\"@type\":\"EntryPoint\",\"urlTemplate\":\"https:\/\/kiel-hilft.de\/?s={search_term_string}\"},\"query-input\":{\"@type\":\"PropertyValueSpecification\",\"valueRequired\":true,\"valueName\":\"search_term_string\"}}],\"inLanguage\":\"de\"}]}<\/script>\n<!-- \/ Yoast SEO plugin. -->","yoast_head_json":{"title":"Historie - Kiel Hilft e.V.","robots":{"index":"index","follow":"follow","max-snippet":"max-snippet:-1","max-image-preview":"max-image-preview:large","max-video-preview":"max-video-preview:-1"},"canonical":"https:\/\/kiel-hilft.de\/index.php\/historie\/","og_locale":"de_DE","og_type":"article","og_title":"Historie - Kiel Hilft e.V.","og_description":"Begr\u00fc\u00dfungskomittee am Tag der Er\u00f6ffnung der Erstaufnahmeeinrichtung am Nordmarksportfeld. Die Bilder aus den Nachrichten \u00fcber das Leid der Fl\u00fcchtlinge, die ihre H\u00e4user und Heimat verloren haben und sich wegen Krieg und Leid auf den beschwerlichen Weg ins sichere Europa gemacht haben, haben uns alle tief ber\u00fchrt. Es waren Bilder von Unmengen von Menschen auf der &hellip; Weiterlesen Historie","og_url":"https:\/\/kiel-hilft.de\/index.php\/historie\/","og_site_name":"Kiel Hilft e.V.","article_modified_time":"2023-02-18T12:30:20+00:00","twitter_card":"summary_large_image","twitter_misc":{"Gesch\u00e4tzte Lesezeit":"6\u00a0Minuten"},"schema":{"@context":"https:\/\/schema.org","@graph":[{"@type":"WebPage","@id":"https:\/\/kiel-hilft.de\/index.php\/historie\/","url":"https:\/\/kiel-hilft.de\/index.php\/historie\/","name":"Historie - Kiel Hilft e.V.","isPartOf":{"@id":"https:\/\/kiel-hilft.de\/#website"},"datePublished":"2023-02-18T12:30:19+00:00","dateModified":"2023-02-18T12:30:20+00:00","breadcrumb":{"@id":"https:\/\/kiel-hilft.de\/index.php\/historie\/#breadcrumb"},"inLanguage":"de","potentialAction":[{"@type":"ReadAction","target":["https:\/\/kiel-hilft.de\/index.php\/historie\/"]}]},{"@type":"BreadcrumbList","@id":"https:\/\/kiel-hilft.de\/index.php\/historie\/#breadcrumb","itemListElement":[{"@type":"ListItem","position":1,"name":"Startseite","item":"https:\/\/kiel-hilft.de\/"},{"@type":"ListItem","position":2,"name":"Historie"}]},{"@type":"WebSite","@id":"https:\/\/kiel-hilft.de\/#website","url":"https:\/\/kiel-hilft.de\/","name":"Kiel Hilft e.V.","description":"","potentialAction":[{"@type":"SearchAction","target":{"@type":"EntryPoint","urlTemplate":"https:\/\/kiel-hilft.de\/?s={search_term_string}"},"query-input":{"@type":"PropertyValueSpecification","valueRequired":true,"valueName":"search_term_string"}}],"inLanguage":"de"}]}},"_links":{"self":[{"href":"https:\/\/kiel-hilft.de\/index.php\/wp-json\/wp\/v2\/pages\/428"}],"collection":[{"href":"https:\/\/kiel-hilft.de\/index.php\/wp-json\/wp\/v2\/pages"}],"about":[{"href":"https:\/\/kiel-hilft.de\/index.php\/wp-json\/wp\/v2\/types\/page"}],"author":[{"embeddable":true,"href":"https:\/\/kiel-hilft.de\/index.php\/wp-json\/wp\/v2\/users\/5"}],"replies":[{"embeddable":true,"href":"https:\/\/kiel-hilft.de\/index.php\/wp-json\/wp\/v2\/comments?post=428"}],"version-history":[{"count":1,"href":"https:\/\/kiel-hilft.de\/index.php\/wp-json\/wp\/v2\/pages\/428\/revisions"}],"predecessor-version":[{"id":429,"href":"https:\/\/kiel-hilft.de\/index.php\/wp-json\/wp\/v2\/pages\/428\/revisions\/429"}],"wp:attachment":[{"href":"https:\/\/kiel-hilft.de\/index.php\/wp-json\/wp\/v2\/media?parent=428"}],"curies":[{"name":"wp","href":"https:\/\/api.w.org\/{rel}","templated":true}]}}